{"id":2,"date":"2025-08-29T10:41:48","date_gmt":"2025-08-29T10:41:48","guid":{"rendered":"https:\/\/amd-moste-drustvo.si\/wordpress\/?page_id=2"},"modified":"2025-10-11T08:09:46","modified_gmt":"2025-10-11T08:09:46","slug":"prijavnica","status":"publish","type":"page","link":"https:\/\/amd-moste-drustvo.si\/index.php\/prijavnica\/","title":{"rendered":"Prijavnica"},"content":{"rendered":"\n<div class=\"wp-block-group skill-section has-background-background-color has-background is-layout-flow wp-block-group-is-layout-flow\" style=\"border-top-color:var(--wp--preset--color--primary);border-right-color:var(--wp--preset--color--primary);border-bottom-color:var(--wp--preset--color--primary);border-bottom-width:5px;border-left-color:var(--wp--preset--color--primary)\">\n<h3 class=\"wp-block-heading has-text-align-center wow bounceInDown has-primary-color has-text-color has-link-color wp-elements-77d54393b78171996d18a04643066058\" style=\"text-transform:uppercase\">\u010dlanstvo amd moste = \u010dlanstvo amzs<\/h3>\n\n\n\n<p class=\"has-text-align-center has-heading-color has-text-color has-link-color has-regular-font-size wp-elements-e2929414efd3312f294c2f63f0594c91\" style=\"font-style:normal;font-weight:500\">Zakaj postati \u010dlan?<\/p>\n\n\n\n<div style=\"height:45px\" aria-hidden=\"true\" class=\"wp-block-spacer\"><\/div>\n\n\n\n<div class=\"wp-block-columns are-vertically-aligned-center skill-outer-box is-layout-flex wp-container-core-columns-is-layout-9b24e0e0 wp-block-columns-is-layout-flex\">\n<div class=\"wp-block-column is-vertically-aligned-center skill-box wow zoomIn is-layout-flow wp-block-column-is-layout-flow\" style=\"flex-basis:25%\">\n<div class=\"wp-block-group skill-inner-box has-background-background-color has-background has-global-padding is-layout-constrained wp-container-core-group-is-layout-280f0a9a wp-block-group-is-layout-constrained\" style=\"padding-top:20px;padding-right:15px;padding-bottom:20px;padding-left:15px\">\n<figure class=\"wp-block-image aligncenter size-full is-resized skill-img\"><img loading=\"lazy\" decoding=\"async\" width=\"300\" height=\"300\" src=\"https:\/\/amd-moste-drustvo.si\/wordpress\/wp-content\/uploads\/2025\/10\/Pot.png\" alt=\"\" class=\"wp-image-252\" style=\"width:87px;height:auto\" srcset=\"https:\/\/amd-moste-drustvo.si\/wp-content\/uploads\/2025\/10\/Pot.png 300w, https:\/\/amd-moste-drustvo.si\/wp-content\/uploads\/2025\/10\/Pot-150x150.png 150w\" sizes=\"auto, (max-width: 300px) 100vw, 300px\" \/><\/figure>\n\n\n\n<h5 class=\"wp-block-heading has-text-align-center has-secondary-color has-text-color has-link-color wp-elements-c9eb7676dd875a9946efc808e6e2431f\" style=\"text-transform:capitalize\">Za poti brez skrbi<\/h5>\n\n\n\n<p class=\"has-text-align-center\">Zagotavljamo vam varne in brezskrbne poti &#8211; 24 ur na dan, vse dni v letu.<\/p>\n\n\n\n<p><\/p>\n<\/div>\n<\/div>\n\n\n\n<div class=\"wp-block-column is-vertically-aligned-center skill-box wow zoomIn is-layout-flow wp-block-column-is-layout-flow\" style=\"flex-basis:25%\">\n<div class=\"wp-block-group skill-inner-box has-background-background-color has-background has-global-padding is-layout-constrained wp-container-core-group-is-layout-280f0a9a wp-block-group-is-layout-constrained\" style=\"padding-top:20px;padding-right:15px;padding-bottom:20px;padding-left:15px\">\n<figure class=\"wp-block-image aligncenter size-full is-resized skill-img\"><img loading=\"lazy\" decoding=\"async\" width=\"300\" height=\"300\" src=\"https:\/\/amd-moste-drustvo.si\/wordpress\/wp-content\/uploads\/2025\/10\/Zbor-clanov.png\" alt=\"\" class=\"wp-image-254\" style=\"width:83px;height:auto\" srcset=\"https:\/\/amd-moste-drustvo.si\/wp-content\/uploads\/2025\/10\/Zbor-clanov.png 300w, https:\/\/amd-moste-drustvo.si\/wp-content\/uploads\/2025\/10\/Zbor-clanov-150x150.png 150w\" sizes=\"auto, (max-width: 300px) 100vw, 300px\" \/><\/figure>\n\n\n\n<h5 class=\"wp-block-heading has-text-align-center has-secondary-color has-text-color has-link-color wp-elements-bb7e3b19956305cbc2573f7035457b92\" style=\"text-transform:capitalize\">Eno \u010dlanstvo za vso dru\u017eino<\/h5>\n\n\n\n<p class=\"has-text-align-center\">\u010clanstvo ni prenosljivo. \u010ce sklenete dru\u017einsko \u010dlanstvo, lahko prednosti in ugodnosti koristite vsi dru\u017einski \u010dlani, \u010detudi ne potujete skupaj.&nbsp;<\/p>\n<\/div>\n<\/div>\n\n\n\n<div class=\"wp-block-column is-vertically-aligned-center skill-box wow zoomIn is-layout-flow wp-block-column-is-layout-flow\" style=\"flex-basis:25%\">\n<div class=\"wp-block-group skill-inner-box has-background-background-color has-background has-global-padding is-layout-constrained wp-container-core-group-is-layout-280f0a9a wp-block-group-is-layout-constrained\" style=\"padding-top:20px;padding-right:15px;padding-bottom:20px;padding-left:15px\">\n<figure class=\"wp-block-image aligncenter size-full is-resized skill-img\"><img loading=\"lazy\" decoding=\"async\" width=\"300\" height=\"300\" src=\"https:\/\/amd-moste-drustvo.si\/wordpress\/wp-content\/uploads\/2025\/10\/Prevozna-sredstva.png\" alt=\"\" class=\"wp-image-251\" style=\"width:81px;height:auto\" srcset=\"https:\/\/amd-moste-drustvo.si\/wp-content\/uploads\/2025\/10\/Prevozna-sredstva.png 300w, https:\/\/amd-moste-drustvo.si\/wp-content\/uploads\/2025\/10\/Prevozna-sredstva-150x150.png 150w\" sizes=\"auto, (max-width: 300px) 100vw, 300px\" \/><\/figure>\n\n\n\n<h5 class=\"wp-block-heading has-text-align-center has-secondary-color has-text-color has-link-color wp-elements-aa17cd3bcfb937482af4a199fcb62848\" style=\"text-transform:capitalize\">Eno \u010dlanstvo za razli\u010dna prevozna sredstva<\/h5>\n\n\n\n<p class=\"has-text-align-center\">\u010clanstvo je vezano na voznika, ne na prevozno sredstvo, kot je to pri zavarovalni\u0161kih asistencah.<\/p>\n<\/div>\n<\/div>\n\n\n\n<div class=\"wp-block-column is-vertically-aligned-center skill-box wow zoomIn is-layout-flow wp-block-column-is-layout-flow\" style=\"flex-basis:25%\">\n<div class=\"wp-block-group skill-inner-box has-background-background-color has-background has-global-padding is-layout-constrained wp-container-core-group-is-layout-280f0a9a wp-block-group-is-layout-constrained\" style=\"padding-top:20px;padding-right:15px;padding-bottom:20px;padding-left:15px\">\n<figure class=\"wp-block-image aligncenter size-full is-resized skill-img\"><a href=\"https:\/\/www.amzs.si\/clanstvo\/clanske-ugodnosti\/pomoc-na-cesti-v-sloveniji\"><img loading=\"lazy\" decoding=\"async\" width=\"300\" height=\"300\" src=\"https:\/\/amd-moste-drustvo.si\/wordpress\/wp-content\/uploads\/2025\/10\/Slo-in-tujina.png\" alt=\"\" class=\"wp-image-250\" style=\"width:81px;height:auto\" srcset=\"https:\/\/amd-moste-drustvo.si\/wp-content\/uploads\/2025\/10\/Slo-in-tujina.png 300w, https:\/\/amd-moste-drustvo.si\/wp-content\/uploads\/2025\/10\/Slo-in-tujina-150x150.png 150w\" sizes=\"auto, (max-width: 300px) 100vw, 300px\" \/><\/a><\/figure>\n\n\n\n<h5 class=\"wp-block-heading has-text-align-center has-secondary-color has-text-color has-link-color wp-elements-8328605ef072a8963a6d83364cc369e1\" style=\"text-transform:capitalize\"><a href=\"https:\/\/www.amzs.si\/clanstvo\/clanske-ugodnosti\/pomoc-na-cesti-v-sloveniji\">Pomo\u010d na cesti v Sloveniji in v tujini<\/a><\/h5>\n\n\n\n<p class=\"has-text-align-center\">Pokli\u010dite takoj, ko se okvara zgodi. Mehanika po\u010dakajte ob prevoznem sredstvu. Pomagamo vam tudi v Evropi, v Severni Afriki in na Bli\u017enjem vzhodu.&nbsp;<\/p>\n<\/div>\n<\/div>\n<\/div>\n\n\n\n<div style=\"height:45px\" aria-hidden=\"true\" class=\"wp-block-spacer skill-spacer\"><\/div>\n\n\n\n<div class=\"wp-block-columns are-vertically-aligned-center skill-outer-box is-layout-flex wp-container-core-columns-is-layout-9b24e0e0 wp-block-columns-is-layout-flex\">\n<div class=\"wp-block-column is-vertically-aligned-center skill-box wow zoomIn is-layout-flow wp-block-column-is-layout-flow\" style=\"flex-basis:25%\">\n<div class=\"wp-block-group skill-inner-box has-background-background-color has-background has-global-padding is-layout-constrained wp-container-core-group-is-layout-280f0a9a wp-block-group-is-layout-constrained\" style=\"padding-top:20px;padding-right:15px;padding-bottom:20px;padding-left:15px\">\n<figure class=\"wp-block-image aligncenter size-full is-resized skill-img\"><a href=\"https:\/\/www.amzs.si\/clanstvo\/zakaj-postati-clan\/prednosti#clanske-ugodnosti\"><img loading=\"lazy\" decoding=\"async\" width=\"300\" height=\"300\" src=\"https:\/\/amd-moste-drustvo.si\/wordpress\/wp-content\/uploads\/2025\/10\/Popusti.png\" alt=\"\" class=\"wp-image-249\" style=\"width:77px;height:auto\" srcset=\"https:\/\/amd-moste-drustvo.si\/wp-content\/uploads\/2025\/10\/Popusti.png 300w, https:\/\/amd-moste-drustvo.si\/wp-content\/uploads\/2025\/10\/Popusti-150x150.png 150w\" sizes=\"auto, (max-width: 300px) 100vw, 300px\" \/><\/a><\/figure>\n\n\n\n<h5 class=\"wp-block-heading has-text-align-center has-secondary-color has-text-color has-link-color wp-elements-424378a2a63f1ae325dec17f5e0d1dc6\" style=\"text-transform:capitalize\"><a href=\"https:\/\/www.amzs.si\/clanstvo\/zakaj-postati-clan\/prednosti#clanske-ugodnosti\">Popusti in ugodnosti<\/a><\/h5>\n\n\n\n<p class=\"has-text-align-center\">S prihranki, ki vam jih zagotavlja AMZS \u010dlanstvo, si ve\u010d kot povrnete vrednost \u010dlanarine.<\/p>\n<\/div>\n<\/div>\n\n\n\n<div class=\"wp-block-column is-vertically-aligned-center skill-box wow zoomIn is-layout-flow wp-block-column-is-layout-flow\" style=\"flex-basis:25%\">\n<div class=\"wp-block-group skill-inner-box has-background-background-color has-background has-global-padding is-layout-constrained wp-container-core-group-is-layout-280f0a9a wp-block-group-is-layout-constrained\" style=\"padding-top:20px;padding-right:15px;padding-bottom:20px;padding-left:15px\">\n<figure class=\"wp-block-image aligncenter size-full is-resized skill-img\"><a href=\"https:\/\/www.amzs.si\/clanstvo\/clanske-ugodnosti\/pomoc-na-cesti-v-sloveniji\"><img loading=\"lazy\" decoding=\"async\" width=\"300\" height=\"300\" src=\"https:\/\/amd-moste-drustvo.si\/wordpress\/wp-content\/uploads\/2025\/10\/popravilo.png\" alt=\"\" class=\"wp-image-248\" style=\"width:77px;height:auto\" srcset=\"https:\/\/amd-moste-drustvo.si\/wp-content\/uploads\/2025\/10\/popravilo.png 300w, https:\/\/amd-moste-drustvo.si\/wp-content\/uploads\/2025\/10\/popravilo-150x150.png 150w\" sizes=\"auto, (max-width: 300px) 100vw, 300px\" \/><\/a><\/figure>\n\n\n\n<h5 class=\"wp-block-heading has-text-align-center has-secondary-color has-text-color has-link-color wp-elements-b125d9414089194d671bfff89bc7bf36\" style=\"text-transform:capitalize\"><a href=\"https:\/\/www.amzs.si\/clanstvo\/clanske-ugodnosti\/pomoc-na-cesti-v-sloveniji\">Popravilo na mestu okvare<\/a><\/h5>\n\n\n\n<p class=\"has-text-align-center\">Ob okvari vozila ali kolesa se potrudimo, da ga popravimo na mestu okvare.<\/p>\n<\/div>\n<\/div>\n\n\n\n<div class=\"wp-block-column is-vertically-aligned-center skill-box wow zoomIn is-layout-flow wp-block-column-is-layout-flow\" style=\"flex-basis:25%\">\n<div class=\"wp-block-group skill-inner-box has-background-background-color has-background has-global-padding is-layout-constrained wp-container-core-group-is-layout-280f0a9a wp-block-group-is-layout-constrained\" style=\"padding-top:20px;padding-right:15px;padding-bottom:20px;padding-left:15px\">\n<figure class=\"wp-block-image aligncenter size-full is-resized skill-img\"><img loading=\"lazy\" decoding=\"async\" width=\"300\" height=\"300\" src=\"https:\/\/amd-moste-drustvo.si\/wordpress\/wp-content\/uploads\/2025\/10\/Naslov.png\" alt=\"\" class=\"wp-image-247\" style=\"width:79px;height:auto\" srcset=\"https:\/\/amd-moste-drustvo.si\/wp-content\/uploads\/2025\/10\/Naslov.png 300w, https:\/\/amd-moste-drustvo.si\/wp-content\/uploads\/2025\/10\/Naslov-150x150.png 150w\" sizes=\"auto, (max-width: 300px) 100vw, 300px\" \/><\/figure>\n\n\n\n<h5 class=\"wp-block-heading has-text-align-center has-secondary-color has-text-color has-link-color wp-elements-2651092233d488c519e0a100cd2819f6\" style=\"text-transform:capitalize\">Odpeljemo na \u017eeleni naslov<\/h5>\n\n\n\n<p class=\"has-text-align-center\">Lorem ipsum dolor sit amet, consectetur adipiscing elit, sed do<\/p>\n<\/div>\n<\/div>\n\n\n\n<div class=\"wp-block-column is-vertically-aligned-center skill-box wow zoomIn is-layout-flow wp-block-column-is-layout-flow\" style=\"flex-basis:25%\">\n<div class=\"wp-block-group skill-inner-box has-background-background-color has-background has-global-padding is-layout-constrained wp-container-core-group-is-layout-280f0a9a wp-block-group-is-layout-constrained\" style=\"padding-top:20px;padding-right:15px;padding-bottom:20px;padding-left:15px\">\n<figure class=\"wp-block-image aligncenter size-full is-resized skill-img\"><a href=\"https:\/\/www.amzs.si\/clanstvo\/clanske-ugodnosti\/zdravstveno-in-turisticno-zavarovanje-v-tujini\"><img loading=\"lazy\" decoding=\"async\" width=\"300\" height=\"300\" src=\"https:\/\/amd-moste-drustvo.si\/wordpress\/wp-content\/uploads\/2025\/10\/Zavarovanje.png\" alt=\"\" class=\"wp-image-246\" style=\"width:81px;height:auto\" srcset=\"https:\/\/amd-moste-drustvo.si\/wp-content\/uploads\/2025\/10\/Zavarovanje.png 300w, https:\/\/amd-moste-drustvo.si\/wp-content\/uploads\/2025\/10\/Zavarovanje-150x150.png 150w\" sizes=\"auto, (max-width: 300px) 100vw, 300px\" \/><\/a><\/figure>\n\n\n\n<h5 class=\"wp-block-heading has-text-align-center has-secondary-color has-text-color has-link-color wp-elements-54a0a3a3c378f7d5bb543eb09388a78b\" style=\"text-transform:capitalize\"><a href=\"https:\/\/www.amzs.si\/clanstvo\/clanske-ugodnosti\/zdravstveno-in-turisticno-zavarovanje-v-tujini\">Zdravstveno in turisti\u010dno zavarovanje za tujino<\/a><\/h5>\n\n\n\n<p class=\"has-text-align-center\">Zavarovani ste vse leto s kritji do kar 55.000 \u20ac.<\/p>\n<\/div>\n<\/div>\n<\/div>\n<\/div>\n\n\n\n<p>[forminator_form id=&#8221;236&#8243;]<\/p>\n","protected":false},"excerpt":{"rendered":"<p>[forminator_form id=&#8221;236&#8243;]<\/p>\n","protected":false},"author":1,"featured_media":0,"parent":0,"menu_order":0,"comment_status":"closed","ping_status":"open","template":"","meta":{"footnotes":""},"class_list":["post-2","page","type-page","status-publish","hentry"],"_links":{"self":[{"href":"https:\/\/amd-moste-drustvo.si\/index.php\/wp-json\/wp\/v2\/pages\/2","targetHints":{"allow":["GET"]}}],"collection":[{"href":"https:\/\/amd-moste-drustvo.si\/index.php\/wp-json\/wp\/v2\/pages"}],"about":[{"href":"https:\/\/amd-moste-drustvo.si\/index.php\/wp-json\/wp\/v2\/types\/page"}],"author":[{"embeddable":true,"href":"https:\/\/amd-moste-drustvo.si\/index.php\/wp-json\/wp\/v2\/users\/1"}],"replies":[{"embeddable":true,"href":"https:\/\/amd-moste-drustvo.si\/index.php\/wp-json\/wp\/v2\/comments?post=2"}],"version-history":[{"count":4,"href":"https:\/\/amd-moste-drustvo.si\/index.php\/wp-json\/wp\/v2\/pages\/2\/revisions"}],"predecessor-version":[{"id":316,"href":"https:\/\/amd-moste-drustvo.si\/index.php\/wp-json\/wp\/v2\/pages\/2\/revisions\/316"}],"wp:attachment":[{"href":"https:\/\/amd-moste-drustvo.si\/index.php\/wp-json\/wp\/v2\/media?parent=2"}],"curies":[{"name":"wp","href":"https:\/\/api.w.org\/{rel}","templated":true}]}}