{"id":337,"date":"2025-10-11T08:38:41","date_gmt":"2025-10-11T08:38:41","guid":{"rendered":"https:\/\/amd-moste-drustvo.si\/wordpress\/?page_id=337"},"modified":"2025-10-11T08:38:41","modified_gmt":"2025-10-11T08:38:41","slug":"novice-2","status":"publish","type":"page","link":"https:\/\/amd-moste-drustvo.si\/index.php\/novice-2\/","title":{"rendered":"Novice"},"content":{"rendered":"\n<h3 class=\"wp-block-heading has-primary-color has-text-color has-link-color wp-elements-88851464ab36018918d67353e4784f42\" style=\"margin-top:var(--wp--preset--spacing--50);margin-bottom:var(--wp--preset--spacing--50)\">Preberite novice AMD Moste<\/h3>\n\n\n<ul style=\"border-top-width:5px;border-top-color:var(--wp--preset--color--primary);border-right-color:var(--wp--preset--color--primary);border-bottom-color:var(--wp--preset--color--primary);border-left-width:5px;border-left-color:var(--wp--preset--color--primary); padding-top:0;padding-bottom:0;padding-left:var(--wp--preset--spacing--50);padding-right:var(--wp--preset--spacing--50);margin-top:0;margin-bottom:0;\" class=\"wp-block-latest-posts__list has-dates wp-block-latest-posts\"><li><a class=\"wp-block-latest-posts__post-title\" href=\"https:\/\/amd-moste-drustvo.si\/index.php\/2025\/11\/02\/oddaja-poslovnih-prostorov\/\">Oddaja poslovnih prostorov<\/a><time datetime=\"2025-11-02T11:32:23+00:00\" class=\"wp-block-latest-posts__post-date\">2 novembra, 2025<\/time><div class=\"wp-block-latest-posts__post-full-content\"><!-- wp:paragraph -->\n<p>Oddamo 150 m2 poslovnih prostorov v stavbi AMD Moste na lokaciji Jana Husa 1a. Prostori imajo 5 pisarn, priro\u010dno kuhinjo in manj\u0161i skladi\u0161\u010dni prostor. Prostori so lo\u010deni od ostalih prostorov v stavbi.<\/p>\n<!-- \/wp:paragraph --><\/div><\/li>\n<li><div class=\"wp-block-latest-posts__featured-image alignleft\"><img loading=\"lazy\" decoding=\"async\" width=\"300\" height=\"105\" src=\"https:\/\/amd-moste-drustvo.si\/wp-content\/uploads\/2025\/09\/day-city-with-architecture-shadows-scaled-e1758183651360-300x105.jpg\" class=\"attachment-medium size-medium wp-post-image\" alt=\"\" style=\"\" srcset=\"https:\/\/amd-moste-drustvo.si\/wp-content\/uploads\/2025\/09\/day-city-with-architecture-shadows-scaled-e1758183651360-300x105.jpg 300w, https:\/\/amd-moste-drustvo.si\/wp-content\/uploads\/2025\/09\/day-city-with-architecture-shadows-scaled-e1758183651360-1024x358.jpg 1024w, https:\/\/amd-moste-drustvo.si\/wp-content\/uploads\/2025\/09\/day-city-with-architecture-shadows-scaled-e1758183651360-768x269.jpg 768w, https:\/\/amd-moste-drustvo.si\/wp-content\/uploads\/2025\/09\/day-city-with-architecture-shadows-scaled-e1758183651360-1536x538.jpg 1536w, https:\/\/amd-moste-drustvo.si\/wp-content\/uploads\/2025\/09\/day-city-with-architecture-shadows-scaled-e1758183651360-2048x717.jpg 2048w\" sizes=\"auto, (max-width: 300px) 100vw, 300px\" \/><\/div><a class=\"wp-block-latest-posts__post-title\" href=\"https:\/\/amd-moste-drustvo.si\/index.php\/2025\/10\/30\/izlet-amd-moste\/\">Izlet AMD Moste<\/a><time datetime=\"2025-10-30T14:27:35+00:00\" class=\"wp-block-latest-posts__post-date\">30 oktobra, 2025<\/time><div class=\"wp-block-latest-posts__post-full-content\"><\/div><\/li>\n<\/ul>\n\n\n<div style=\"height:100px\" aria-hidden=\"true\" class=\"wp-block-spacer\"><\/div>\n\n\n\n<main class=\"wp-block-group vizitka has-border-color has-primary-border-color has-global-padding is-layout-constrained wp-container-core-group-is-layout-42c4990b wp-block-group-is-layout-constrained\" style=\"border-width:5px;margin-top:0;margin-bottom:0;padding-top:var(--wp--preset--spacing--80);padding-bottom:var(--wp--preset--spacing--80)\">\n<h3 class=\"wp-block-heading has-text-align-center wow bounceInDown delay-1000 has-primary-color has-text-color has-link-color wp-elements-ea96bdca89ea720e95a861e3027cac96\" style=\"text-transform:uppercase\">AMD Moste<\/h3>\n\n\n\n<p class=\"has-text-align-center has-heading-color has-text-color has-link-color has-regular-font-size wp-elements-28eef79afc202bf44a494b3fffa6e4ee\" style=\"font-style:normal;font-weight:500\">Novice, obvestila in uporabne informacije.<\/p>\n\n\n\n<div style=\"height:18px\" aria-hidden=\"true\" class=\"wp-block-spacer\"><\/div>\n\n\n\n<div class=\"wp-block-columns are-vertically-aligned-center service-outer-box is-layout-flex wp-container-core-columns-is-layout-9b24e0e0 wp-block-columns-is-layout-flex\">\n<div class=\"wp-block-column is-vertically-aligned-center service-box wow swing is-layout-flow wp-block-column-is-layout-flow\" style=\"flex-basis:25%\">\n<div class=\"wp-block-group service-inner-box has-section-bg-background-color has-background has-global-padding is-layout-constrained wp-container-core-group-is-layout-280f0a9a wp-block-group-is-layout-constrained\" style=\"padding-top:20px;padding-right:15px;padding-bottom:20px;padding-left:15px\">\n<figure class=\"wp-block-image aligncenter size-full is-resized\"><a href=\"\/upravni-odbor\"><img loading=\"lazy\" decoding=\"async\" width=\"300\" height=\"300\" src=\"https:\/\/amd-moste-drustvo.si\/wordpress\/wp-content\/uploads\/2025\/09\/Upravni.png\" alt=\"\" class=\"wp-image-323\" style=\"width:78px;height:auto\" srcset=\"https:\/\/amd-moste-drustvo.si\/wp-content\/uploads\/2025\/09\/Upravni.png 300w, https:\/\/amd-moste-drustvo.si\/wp-content\/uploads\/2025\/09\/Upravni-150x150.png 150w\" sizes=\"auto, (max-width: 300px) 100vw, 300px\" \/><\/a><\/figure>\n\n\n\n<h6 class=\"wp-block-heading has-text-align-center has-secondary-color has-text-color has-link-color wp-elements-13c391f8994959c28e989b1a9885eec0\" style=\"text-transform:capitalize\"><a href=\"https:\/\/amd-moste-drustvo.si\/index.php\/upravni-odbor\/\" data-type=\"page\" data-id=\"309\">Upravni odbor<\/a><\/h6>\n\n\n\n<hr class=\"wp-block-separator has-text-color has-primary-color has-alpha-channel-opacity has-primary-background-color has-background service-seperator\" style=\"margin-top:var(--wp--preset--spacing--30);margin-bottom:var(--wp--preset--spacing--30)\"\/>\n\n\n\n<p class=\"has-text-align-center\">Informacija o seji UO<\/p>\n<\/div>\n<\/div>\n\n\n\n<div class=\"wp-block-column is-vertically-aligned-center service-box wow swing is-layout-flow wp-block-column-is-layout-flow\" style=\"flex-basis:25%\">\n<div class=\"wp-block-group service-inner-box has-section-bg-background-color has-background has-global-padding is-layout-constrained wp-container-core-group-is-layout-280f0a9a wp-block-group-is-layout-constrained\" style=\"padding-top:20px;padding-right:15px;padding-bottom:20px;padding-left:15px\">\n<figure class=\"wp-block-image aligncenter size-full is-resized\"><a href=\"\/zbor-clanov\"><img loading=\"lazy\" decoding=\"async\" width=\"300\" height=\"300\" src=\"https:\/\/amd-moste-drustvo.si\/wordpress\/wp-content\/uploads\/2025\/10\/Zbor-clanov.png\" alt=\"\" class=\"wp-image-254\" style=\"width:85px;height:auto\" srcset=\"https:\/\/amd-moste-drustvo.si\/wp-content\/uploads\/2025\/10\/Zbor-clanov.png 300w, https:\/\/amd-moste-drustvo.si\/wp-content\/uploads\/2025\/10\/Zbor-clanov-150x150.png 150w\" sizes=\"auto, (max-width: 300px) 100vw, 300px\" \/><\/a><\/figure>\n\n\n\n<h6 class=\"wp-block-heading has-text-align-center has-secondary-color has-text-color has-link-color wp-elements-a797dc836a4a3924f472022dc84d72af\" style=\"text-transform:capitalize\"><a href=\"https:\/\/amd-moste-drustvo.si\/index.php\/zbor-clanov-2\/\" data-type=\"page\" data-id=\"335\">Zbor \u010dlanov<\/a><\/h6>\n\n\n\n<hr class=\"wp-block-separator has-text-color has-primary-color has-alpha-channel-opacity has-primary-background-color has-background service-seperator\" style=\"margin-top:var(--wp--preset--spacing--30);margin-bottom:var(--wp--preset--spacing--30)\"\/>\n\n\n\n<p class=\"has-text-align-center\">Informacija o seji Z\u010c<\/p>\n<\/div>\n<\/div>\n\n\n\n<div class=\"wp-block-column is-vertically-aligned-center service-box wow swing is-layout-flow wp-block-column-is-layout-flow\" style=\"flex-basis:25%\">\n<div class=\"wp-block-group service-inner-box has-section-bg-background-color has-background has-global-padding is-layout-constrained wp-container-core-group-is-layout-280f0a9a wp-block-group-is-layout-constrained\" style=\"padding-top:20px;padding-right:15px;padding-bottom:20px;padding-left:15px\">\n<figure class=\"wp-block-image aligncenter size-full is-resized\"><a href=\"\/novice\"><img loading=\"lazy\" decoding=\"async\" width=\"300\" height=\"300\" src=\"https:\/\/amd-moste-drustvo.si\/wordpress\/wp-content\/uploads\/2025\/10\/Novice.png\" alt=\"\" class=\"wp-image-255\" style=\"width:80px;height:auto\" srcset=\"https:\/\/amd-moste-drustvo.si\/wp-content\/uploads\/2025\/10\/Novice.png 300w, https:\/\/amd-moste-drustvo.si\/wp-content\/uploads\/2025\/10\/Novice-150x150.png 150w\" sizes=\"auto, (max-width: 300px) 100vw, 300px\" \/><\/a><\/figure>\n\n\n\n<h6 class=\"wp-block-heading has-text-align-center has-secondary-color has-text-color has-link-color wp-elements-77f780d02a9817098d0e11401339d738\" style=\"text-transform:capitalize\"><a href=\"https:\/\/amd-moste-drustvo.si\/index.php\/novice-2\/\" data-type=\"page\" data-id=\"337\">Novice<\/a><\/h6>\n\n\n\n<hr class=\"wp-block-separator has-text-color has-primary-color has-alpha-channel-opacity has-primary-background-color has-background service-seperator\" style=\"margin-top:var(--wp--preset--spacing--30);margin-bottom:var(--wp--preset--spacing--30)\"\/>\n\n\n\n<p class=\"has-text-align-center\">Izlet AMD Moste<\/p>\n<\/div>\n<\/div>\n\n\n\n<div class=\"wp-block-column is-vertically-aligned-center service-box wow swing is-layout-flow wp-block-column-is-layout-flow\" style=\"flex-basis:25%\">\n<div class=\"wp-block-group service-inner-box has-section-bg-background-color has-background has-global-padding is-layout-constrained wp-container-core-group-is-layout-280f0a9a wp-block-group-is-layout-constrained\" style=\"padding-top:20px;padding-right:15px;padding-bottom:20px;padding-left:15px\">\n<figure class=\"wp-block-image aligncenter size-full is-resized\"><img loading=\"lazy\" decoding=\"async\" width=\"300\" height=\"300\" src=\"https:\/\/amd-moste-drustvo.si\/wordpress\/wp-content\/uploads\/2025\/10\/Sekretar.png\" alt=\"\" class=\"wp-image-253\" style=\"width:80px;height:auto\" srcset=\"https:\/\/amd-moste-drustvo.si\/wp-content\/uploads\/2025\/10\/Sekretar.png 300w, https:\/\/amd-moste-drustvo.si\/wp-content\/uploads\/2025\/10\/Sekretar-150x150.png 150w\" sizes=\"auto, (max-width: 300px) 100vw, 300px\" \/><\/figure>\n\n\n\n<h6 class=\"wp-block-heading has-text-align-center has-secondary-color has-text-color has-link-color wp-elements-ae063c133d0585d01635b098df4cf9b6\" style=\"text-transform:capitalize\">Predsednik in sekretar<\/h6>\n\n\n\n<hr class=\"wp-block-separator has-text-color has-primary-color has-alpha-channel-opacity has-primary-background-color has-background service-seperator\" style=\"margin-top:var(--wp--preset--spacing--30);margin-bottom:var(--wp--preset--spacing--30)\"\/>\n\n\n\n<p class=\"has-text-align-center\">Predsednik dru\u0161tva: <strong>Aleksander Stan\u010di\u010d<\/strong><br>Sekretar: <strong>Brane Vr\u0161nik<\/strong> <br>Tel: 040 325 522<br>Mail: <a href=\"mailto:amd.moste@gmail.com\">amd.moste@gmail.com<\/a><\/p>\n<\/div>\n<\/div>\n<\/div>\n\n\n\n<div class=\"wp-block-columns is-layout-flex wp-container-core-columns-is-layout-28f84493 wp-block-columns-is-layout-flex\">\n<div class=\"wp-block-column is-layout-flow wp-block-column-is-layout-flow\">\n<div class=\"wp-block-group has-border-color has-border-color-border-color has-global-padding is-layout-constrained wp-container-core-group-is-layout-95e16675 wp-block-group-is-layout-constrained\" style=\"border-width:1px;border-radius:3px;padding-top:var(--wp--preset--spacing--30);padding-bottom:var(--wp--preset--spacing--30)\">\n<figure class=\"wp-block-image aligncenter size-full is-resized\"><img loading=\"lazy\" decoding=\"async\" width=\"300\" height=\"300\" src=\"https:\/\/amd-moste-drustvo.si\/wordpress\/wp-content\/uploads\/2025\/10\/cas.png\" alt=\"\" class=\"wp-image-271\" style=\"width:80px;height:auto\" srcset=\"https:\/\/amd-moste-drustvo.si\/wp-content\/uploads\/2025\/10\/cas.png 300w, https:\/\/amd-moste-drustvo.si\/wp-content\/uploads\/2025\/10\/cas-150x150.png 150w\" sizes=\"auto, (max-width: 300px) 100vw, 300px\" \/><\/figure>\n\n\n\n<p class=\"has-text-align-center has-heading-color has-text-color has-link-color has-regular-font-size wp-elements-1066b7c0bcc62b147db0c690d04849b8\" style=\"margin-top:0;margin-bottom:var(--wp--preset--spacing--30);font-style:normal;font-weight:500\"><br>Delovni \u010das: Pon. &#8211; Pet.: <strong>10.00 &#8211; 14.00<\/strong>, sobota, nedelja in prazniki: <strong>Zaprto<\/strong><br><\/p>\n<\/div>\n<\/div>\n<\/div>\n<\/main>\n","protected":false},"excerpt":{"rendered":"<p>Preberite novice AMD Moste<\/p>\n","protected":false},"author":1,"featured_media":0,"parent":0,"menu_order":0,"comment_status":"closed","ping_status":"closed","template":"","meta":{"footnotes":""},"class_list":["post-337","page","type-page","status-publish","hentry"],"_links":{"self":[{"href":"https:\/\/amd-moste-drustvo.si\/index.php\/wp-json\/wp\/v2\/pages\/337","targetHints":{"allow":["GET"]}}],"collection":[{"href":"https:\/\/amd-moste-drustvo.si\/index.php\/wp-json\/wp\/v2\/pages"}],"about":[{"href":"https:\/\/amd-moste-drustvo.si\/index.php\/wp-json\/wp\/v2\/types\/page"}],"author":[{"embeddable":true,"href":"https:\/\/amd-moste-drustvo.si\/index.php\/wp-json\/wp\/v2\/users\/1"}],"replies":[{"embeddable":true,"href":"https:\/\/amd-moste-drustvo.si\/index.php\/wp-json\/wp\/v2\/comments?post=337"}],"version-history":[{"count":1,"href":"https:\/\/amd-moste-drustvo.si\/index.php\/wp-json\/wp\/v2\/pages\/337\/revisions"}],"predecessor-version":[{"id":338,"href":"https:\/\/amd-moste-drustvo.si\/index.php\/wp-json\/wp\/v2\/pages\/337\/revisions\/338"}],"wp:attachment":[{"href":"https:\/\/amd-moste-drustvo.si\/index.php\/wp-json\/wp\/v2\/media?parent=337"}],"curies":[{"name":"wp","href":"https:\/\/api.w.org\/{rel}","templated":true}]}}